{"id":21972,"date":"2024-12-10T13:42:13","date_gmt":"2024-12-10T04:42:13","guid":{"rendered":"https:\/\/futaku.co.jp\/?page_id=21972"},"modified":"2024-12-10T13:44:24","modified_gmt":"2024-12-10T04:44:24","slug":"rare-metal-en","status":"publish","type":"page","link":"https:\/\/futaku.co.jp\/en\/technology-en\/pipe-material-en\/rare-metal-en\/","title":{"rendered":"Rare metal wire processing"},"content":{"rendered":"\n<div class=\"postdiv\">\n<p>64 titanium ELI materials and nickel-free materials have biocompatibility, and they are attracting attention as medical materials.<br>wires of various metals with excellent mechanical strength and corrosion resistance are available. <br>In addition to round wires, we offer you flat wires, deformed wires, and other shapes depending on your purpose. <\/p>\n<\/div>\n<div class=\"postdiv\">\n\n\n\n<p><a href=\"\/wp2015\/wp-content\/uploads\/t9_01.jpg\" data-rel=\"lightbox-gallery-bkH66CfB\" data-rl_title=\"\" data-rl_caption=\"\" title=\"\"><img loading=\"lazy\" decoding=\"async\" class=\"alignleft size-medium wp-image-1735\" src=\"\/wp2015\/wp-content\/uploads\/t9_01-250x187.jpg\" alt=\"\u30ec\u30a2\u30e1\u30bf\u30eb\u30ef\u30a4\u30e4\u30fc\u52a0\u5de5\u3000\u4e8c\u4e5d\u7cbe\u5bc6\u6a5f\u68b0\u5de5\u696d\" width=\"250\" height=\"187\" srcset=\"https:\/\/futaku.co.jp\/wp2015\/wp-content\/uploads\/t9_01-250x187.jpg 250w, https:\/\/futaku.co.jp\/wp2015\/wp-content\/uploads\/t9_01.jpg 800w\" sizes=\"auto, (max-width: 250px) 100vw, 250px\" \/><\/a><a href=\"\/wp2015\/wp-content\/uploads\/t9_02.jpg\" data-rel=\"lightbox-gallery-bkH66CfB\" data-rl_title=\"\" data-rl_caption=\"\" title=\"\"><img loading=\"lazy\" decoding=\"async\" class=\"alignleft size-medium wp-image-1736\" src=\"\/wp2015\/wp-content\/uploads\/t9_02-250x187.jpg\" alt=\"\u30ec\u30a2\u30e1\u30bf\u30eb\u30ef\u30a4\u30e4\u30fc\u52a0\u5de5\u3000\u4e8c\u4e5d\u7cbe\u5bc6\u6a5f\u68b0\u5de5\u696d\" width=\"250\" height=\"187\" srcset=\"https:\/\/futaku.co.jp\/wp2015\/wp-content\/uploads\/t9_02-250x187.jpg 250w, https:\/\/futaku.co.jp\/wp2015\/wp-content\/uploads\/t9_02.jpg 800w\" sizes=\"auto, (max-width: 250px) 100vw, 250px\" \/><\/a><\/p>\n<\/div>\n\n\n\n<div class=\"postdiv\">\n<p>\u25a0 Centerless Material\/\u25cf Material: 64 Titanium ELI (F136), NiTi \u25cf Available Sizes: \u03c61.0 (NiTi\u03c60.1) ~ \u03c625.0<br>\u25a0 \u25cf Wire\/Material: 64 titanium ELI (F136), 4N-Ti (high-purity titanium), Ni-free Ti-based shape-memory alloys, Ni-free austenitic steel, Nb (niobium), Ta (tantalum) \u25cf Available Sizes: \u03c60.2 to \u03c65.0<br>\u25a0 Flat line\/\u25cf Material: NiTi \u25cf Available Sizes: 0.9\u00d70.07, 0.8\u00d70.15, 0.2\u00d70.3, 0.1\u00d70.4<br>\u25a0 Irregular \/\u25cf Material: Net titanium\/\u03b2 titanium\/\u03b1 \u03b2 titanium \u25cf Available Sizes: Various<\/p>\n<\/div>\n<div class=\"postdiv\">\n<table class=\"table11a\" cellspacing=\"0\" cellpadding=\"0\" border=\"0\">\n<tbody>\n<tr>\n<th scope=\"col\" width=\"140\"> <\/th>\n<th scope=\"col\" width=\"290\">Examples of materials<\/th>\n<th width=\"280\">Size (mm)<\/th>\n<\/tr>\n<tr>\n<td>Centerless material<\/td>\n<td>64 Titanium-ELI(F136)<br>NiTi<\/td>\n<td>(Possible size) \u03c61.0\uff5e\u03c625.0\n\u03c60.1\u301c<\/td>\n<\/tr>\n<tr>\n<td>Wire<\/td>\n<td>64 Titanium-ELI (F136)<br>4N-Ti (high-purity titanium)<br>Ni-free Ti-based shape memory alloy<br>Ni-free austenitic stainless steel<br>Nb (niobium)<br>Ta(tantalum)<\/td>\n<td>(Possible size) \u03c60.2 to \u03c65.0<\/td>\n<\/tr>\n<tr>\n<td>Flat line<\/td>\n<td>NiTi<\/td>\n<td>(Actual size) 0.9\u00d70.07<br>0.8\u00d70.15<br>0.2\u00d70.3<br>0.1\u00d70.4<\/td>\n<\/tr>\n<tr>\n<td>Deformed line<\/td>\n<td>Pure titanium<br>\u03b2 titanium<br>\u03b1 \u03b2Titanium<\/td>\n<td>\n(Actual size)<br>\u203b Contact us<\/td>\n<\/tr>\n<\/tbody>\n<\/table>\n<\/div>\n\n\n\n<!--<div class=\"postdiv\">\n<p>Titanium 6-4 ELI and Ni free materials attracting attention for medical use can be processed with our technique, which have biocompatibility as well as high physical strength and corrosion resistivity.<\/p>\n<p>We respond to your request by offering various shapes of wires such as round, flat, or irregular shaped wires.<\/p>\n<p><a href=\"\/wp2015\/wp-content\/uploads\/t9_01.jpg\" data-rel=\"lightbox-gallery-bkH66CfB\" data-rl_title=\"\" data-rl_caption=\"\" title=\"\"><img loading=\"lazy\" decoding=\"async\" class=\"alignleft size-medium wp-image-1735\" src=\"\/wp2015\/wp-content\/uploads\/t9_01-250x187.jpg\" alt=\"Rare meal wire processing.FUTA-Q\" width=\"250\" height=\"187\" srcset=\"https:\/\/futaku.co.jp\/wp2015\/wp-content\/uploads\/t9_01-250x187.jpg 250w, https:\/\/futaku.co.jp\/wp2015\/wp-content\/uploads\/t9_01.jpg 800w\" sizes=\"auto, (max-width: 250px) 100vw, 250px\" \/><\/a><a href=\"\/wp2015\/wp-content\/uploads\/t9_02.jpg\" data-rel=\"lightbox-gallery-bkH66CfB\" data-rl_title=\"\" data-rl_caption=\"\" title=\"\"><img loading=\"lazy\" decoding=\"async\" class=\"alignleft size-medium wp-image-1736\" src=\"\/wp2015\/wp-content\/uploads\/t9_02-250x187.jpg\" alt=\"Rare meal wire processing.FUTA-Q\" width=\"250\" height=\"187\" srcset=\"https:\/\/futaku.co.jp\/wp2015\/wp-content\/uploads\/t9_02-250x187.jpg 250w, https:\/\/futaku.co.jp\/wp2015\/wp-content\/uploads\/t9_02.jpg 800w\" sizes=\"auto, (max-width: 250px) 100vw, 250px\" \/><\/a><\/p>\n<\/div>\n\n\n<div class=\"postdiv\">\n\n\n<p>\u25a0Centerless material \u25cfMaterial\uff1aTitanium 64 ELI\uff08F136\uff09, NiTi \u25cfProcessable size\uff1a\u03c61.0\uff08Ni\uff34i\u03c60.1\uff09to \u03c625.0<br \/>\u25a0Wire\u25cfMaterial\uff1aTitanium 64 ELI\uff08F136\uff09, 4N-Ti\uff08High purit titanium\uff09, Ni-free Ti-based shape memory alloy, Ni-free austenitic stainless steel, Nb (Niobium), Ta (Tantalum) \u25cfPorcessable size\uff1a\u03c60.025 to \u03c60.25<br \/>\u25a0Flat wire\u25cfMaterial:NiTi\u25cfExperiienced size\uff1a0.9\u00d70.07\u30010.8\u00d70.15\u30010.2\u00d70.3\u30010.1\u00d70.4<br \/>\n\u25a0Irregular shaped wire\u25cfMaterial\uff1aPure Titanium, \u03b2Titanium, \u03b1\u03b2Titanium\u25cf(Experienced size) Various sizes <br \/>*Please contact us.<\/p>\n<\/div>\n\n\n<div class=\"postdiv\">\n<table class=\"table11a table11atop\" border=\"0\" cellspacing=\"0\" cellpadding=\"0\">\n<tbody>\n<tr>\n<th scope=\"col\" width=\"140\"> <\/th>\n<th scope=\"col\" width=\"290\">Example of material<\/th>\n<th width=\"280\">Processable Size\uff08mm\uff09<\/th>\n<\/tr>\n<tr>\n<td>Centerless<br \/>material<\/td>\n<td>Titanium 64 ELI (F136)<br \/>NiTi<\/td>\n<td>dia. 1.0 - 25.0<br \/>dia. 0.1 or more<\/td>\n<\/tr>\n<tr>\n<td>Wire<\/td>\n<td>Titanium 64 ELI (F136)<br \/>4N-Ti (High purity titanium\uff09<br \/>Ni-free Ti-based shape<br \/>memory alloy<br \/>Ni-free austenitic stainless<br \/>steel Nb (Niobium\uff09<br \/>Ta (Tantalum\uff09<\/td>\n<td>Dia. 0.025 - 0.25<\/td>\n<\/tr>\n<tr>\n<td>Flat wire<\/td>\n<td>NiTi<\/td>\n<td>\uff08Experienced size\uff09<br \/>W 0.9 X H 0.07<br \/>W 0.8 X H 0.15<br \/>W 0.3 X H 0.2<br \/>W 0.4 X H 0.1<\/td>\n<\/tr>\n<tr>\n<td>Irregular shaped wire<\/td>\n<td>Pure Titanium<br \/>\u03b2Titanium<br \/>\u03b1\u03b2Titanium\n<p> <\/p>\n<\/td>\n<td>*Please contact us.<\/td>\n<\/tr>\n<\/tbody>\n<\/table>\n<\/div>-->\n","protected":false},"excerpt":{"rendered":"<p>64 titanium ELI materials and nickel-free materials have biocompatibility, and they are attracting attention as medical materials.wires of various metals with excellent mechanical strength and corrosion resistance are available. In addition to round wires, we offer you flat wires, deformed wires, and other shapes depending on your purpose. \u25a0 Centerless Material\/\u25cf Material: 64 Titanium ELI [&hellip;]<\/p>\n","protected":false},"author":1,"featured_media":9768,"parent":21941,"menu_order":8,"comment_status":"closed","ping_status":"closed","template":"","meta":{"footnotes":""},"class_list":["post-21972","page","type-page","status-publish","has-post-thumbnail","hentry"],"_links":{"self":[{"href":"https:\/\/futaku.co.jp\/en\/wp-json\/wp\/v2\/pages\/21972","targetHints":{"allow":["GET"]}}],"collection":[{"href":"https:\/\/futaku.co.jp\/en\/wp-json\/wp\/v2\/pages"}],"about":[{"href":"https:\/\/futaku.co.jp\/en\/wp-json\/wp\/v2\/types\/page"}],"author":[{"embeddable":true,"href":"https:\/\/futaku.co.jp\/en\/wp-json\/wp\/v2\/users\/1"}],"replies":[{"embeddable":true,"href":"https:\/\/futaku.co.jp\/en\/wp-json\/wp\/v2\/comments?post=21972"}],"version-history":[{"count":0,"href":"https:\/\/futaku.co.jp\/en\/wp-json\/wp\/v2\/pages\/21972\/revisions"}],"up":[{"embeddable":true,"href":"https:\/\/futaku.co.jp\/en\/wp-json\/wp\/v2\/pages\/21941"}],"wp:featuredmedia":[{"embeddable":true,"href":"https:\/\/futaku.co.jp\/en\/wp-json\/wp\/v2\/media\/9768"}],"wp:attachment":[{"href":"https:\/\/futaku.co.jp\/en\/wp-json\/wp\/v2\/media?parent=21972"}],"curies":[{"name":"wp","href":"https:\/\/api.w.org\/{rel}","templated":true}]}}